{"id":18467,"date":"2021-11-15T08:16:28","date_gmt":"2021-11-15T08:16:28","guid":{"rendered":"https:\/\/kingdom.codeslice.io.ancorathemes.com\/?page_id=18467"},"modified":"2024-02-06T19:56:26","modified_gmt":"2024-02-07T00:56:26","slug":"product-catalog","status":"publish","type":"page","link":"https:\/\/www.kingdomexportsolution.com\/es\/product-catalog\/","title":{"rendered":"Servicio Plus"},"content":{"rendered":"<div data-elementor-type=\"wp-page\" data-elementor-id=\"18467\" class=\"elementor elementor-18467\">\n\t\t\t\t\t\t<section class=\"elementor-section elementor-top-section elementor-element elementor-element-36eeb657 elementor-section-boxed elementor-section-height-default elementor-section-height-default sc_fly_static\" data-id=\"36eeb657\" data-element_type=\"section\">\n\t\t\t\t\t\t<div class=\"elementor-container elementor-column-gap-extended\">\n\t\t\t\t\t<div class=\"elementor-column elementor-col-100 elementor-top-column elementor-element elementor-element-5a717b62 sc_inner_width_none sc_content_align_inherit sc_layouts_column_icons_position_left sc_fly_static\" data-id=\"5a717b62\" data-element_type=\"column\">\n\t\t\t<div class=\"elementor-widget-wrap elementor-element-populated\">\n\t\t\t\t\t\t<div class=\"elementor-element elementor-element-760e0c4e sc_fly_static elementor-widget elementor-widget-trx_sc_title\" data-id=\"760e0c4e\" data-element_type=\"widget\" data-widget_type=\"trx_sc_title.default\">\n\t\t\t\t<div class=\"elementor-widget-container\">\n\t\t\t<div\t\tclass=\"sc_title sc_title_default\" ><h2 class=\"sc_item_title sc_title_title sc_item_title_style_default sc_item_title_tag\"\n\t\t\t><span class=\"sc_item_title_text\">Catalogo de producto<\/span><\/h2><\/div>\t\t<\/div>\n\t\t\t\t<\/div>\n\t\t\t\t<div class=\"elementor-element elementor-element-27851986 sc_height_tiny sc_fly_static elementor-widget elementor-widget-spacer\" data-id=\"27851986\" data-element_type=\"widget\" data-widget_type=\"spacer.default\">\n\t\t\t\t<div class=\"elementor-widget-container\">\n\t\t\t\t\t<div class=\"elementor-spacer\">\n\t\t\t<div class=\"elementor-spacer-inner\"><\/div>\n\t\t<\/div>\n\t\t\t\t<\/div>\n\t\t\t\t<\/div>\n\t\t\t\t<div class=\"elementor-element elementor-element-68a7416b sc_fly_static elementor-widget elementor-widget-text-editor\" data-id=\"68a7416b\" data-element_type=\"widget\" data-widget_type=\"text-editor.default\">\n\t\t\t\t<div class=\"elementor-widget-container\">\n\t\t\t\t\t\t\t<p><span style=\"font-size: 17.5px;\">Bienvenido al cat\u00e1logo de productos de Kingdom Import\/Export, su puerta de entrada a una amplia gama de productos de alta calidad provenientes de todo el mundo. Nuestro cat\u00e1logo muestra una amplia variedad de ofertas dise\u00f1adas para satisfacer las necesidades de las empresas de diversas industrias. Explore nuestra selecci\u00f3n cuidadosamente seleccionada, explore nuevas oportunidades y encuentre los productos perfectos para impulsar su negocio a nuevas alturas. En Kingdom Import\/Export, estamos comprometidos a conectarlo con los mejores productos y proveedores, haciendo que el comercio global sea m\u00e1s simple, m\u00e1s inteligente y m\u00e1s gratificante que nunca. Comience a explorar nuestro cat\u00e1logo hoy y descubra las posibilidades del comercio internacional.<\/span><\/p>\t\t\t\t\t\t<\/div>\n\t\t\t\t<\/div>\n\t\t\t\t\t<\/div>\n\t\t<\/div>\n\t\t\t\t\t<\/div>\n\t\t<\/section>\n\t\t\t\t<section class=\"elementor-section elementor-top-section elementor-element elementor-element-015957b elementor-section-boxed elementor-section-height-default elementor-section-height-default sc_fly_static\" data-id=\"015957b\" data-element_type=\"section\">\n\t\t\t\t\t\t<div class=\"elementor-container elementor-column-gap-extended\">\n\t\t\t\t\t<div class=\"elementor-column elementor-col-100 elementor-top-column elementor-element elementor-element-174a3a7 sc_inner_width_none sc_content_align_inherit sc_layouts_column_icons_position_left sc_fly_static\" data-id=\"174a3a7\" data-element_type=\"column\">\n\t\t\t<div class=\"elementor-widget-wrap elementor-element-populated\">\n\t\t\t\t\t\t<div class=\"elementor-element elementor-element-2f73f1e sc_fly_static elementor-widget elementor-widget-text-editor\" data-id=\"2f73f1e\" data-element_type=\"widget\" data-widget_type=\"text-editor.default\">\n\t\t\t\t<div class=\"elementor-widget-container\">\n\t\t\t\t\t\t\t<div  class=\"ewd-upcp-catalog-div ewd-upcp-catalog-default\">\n\n\t\n\t\n\t\n\t<input type='hidden' name='catalog-id' value='19991' \/>\n<input type='hidden' name='catalog-excluded-views' value='' \/>\n<input type='hidden' name='catalog-current-page' value='1' \/>\n<input type='hidden' name='catalog-max-page' value='1' \/>\n<input type='hidden' name='catalog-order-by' value='' \/>\n<input type='hidden' name='catalog-order' value='ASC' \/>\n<input type='hidden' name='catalog-product-per-page' value='100' \/>\n<input type='hidden' name='catalog-default-search-text' value='Search...' \/>\n<input type='hidden' name='catalog-base-url' value='https:\/\/www.kingdomexportsolution.com\/es\/product-catalog\/' \/>\n\t<div class='ewd-upcp-catalog-information'>\n\t\n\t\n\t\n<\/div>\n\t<div class='ewd-upcp-catalog-header-bar'>\n\t\n\t\n\t\t<div class='ewd-upcp-toggle-icon ewd-upcp-toggle-icon-thumbnail ewd-upcp-toggle-icon-black' data-view='thumbnail'><\/div>\n\n\t\n\t\t<div class='ewd-upcp-toggle-icon ewd-upcp-toggle-icon-list ewd-upcp-toggle-icon-black' data-view='list'><\/div>\n\n\t\n\t\t<div class='ewd-upcp-toggle-icon ewd-upcp-toggle-icon-detail ewd-upcp-toggle-icon-black' data-view='detail'><\/div>\n\n\t\n<\/div>\n\t\n\t<div class='ewd-upcp-sidebar-toggle'>\n\t\n\tFiltrar\n<\/div>\n<div class='ewd-upcp-catalog-sidebar ewd-upcp-catalog-sidebar-checkbox-style-none  ewd-upcp-catalog-sidebar-hidden'>\n\n\t\n\t<div class='ewd-upcp-catalog-sidebar-search'>\n\n\t<span>\n\t\tB\u00fasqueda de productos\t<\/span>\n\n\t<div>\n\n\t\t<input name='ewd-upcp-search' placeholder='Buscar...' value=''>\n\t\n\t<\/div>\n\n<\/div><div class='ewd-upcp-catalog-sidebar-custom-fields'>\n\n\t<div>\n\n\t\t<div class='ewd-upcp-catalog-sidebar-content'>\n\n\t\t\t\n\t\t<\/div>\n\t\n\t<\/div>\n\n<\/div>\n<\/div>\n\t<div class='ewd-upcp-catalog-display'>\n\n\t\t<div  class=\"ewd-upcp-catalog-view ewd-upcp-thumbnail-view ewd-upcp-thumbnail-four-columns\">\n\n\t<div id='ewd-upcp-catalog-product-thumbnail-19995'  class=\"ewd-upcp-catalog-product-div ewd-upcp-catalog-product-thumbnail\" data-product_id='19995'>\n\t\t\n\t<div class='ewd-upcp-catalog-product-thumbnail-image-div'>\n\n\t\t\n\t\t\n\t\t\n\t\t<a class='ewd-upcp-catalog-product-image' href='https:\/\/www.kingdomexportsolution.com\/es\/product-catalog\/?singleproduct=19995' >\n\n\t<img decoding=\"async\" class=\"ewd-upcp-product-image\" src=\"https:\/\/www.kingdomexportsolution.com\/wp-content\/uploads\/2024\/02\/coffee-beans-scaled.jpg\" alt=\"Coffee Beans-image\" \/>\n\t\n<\/a>\n\t<\/div>\n\n\t<div class='ewd-upcp-catalog-product-thumbnail-body-div'>\n\n\t\t\n\t\t<div class='ewd-upcp-product-title-div'>\n\n\t<a class='ewd-upcp-product-title' href='https:\/\/www.kingdomexportsolution.com\/es\/product-catalog\/?singleproduct=19995' >\n\n\t\tGranos de caf\u00e9\t\n\t<\/a>\n\n<\/div>\n\t\t<div class='ewd-upcp-catalog-product-price' data-item_price=''>\n\n\t<span>\n\t\t\t<\/span>\n\n\t\n<\/div>\n\t\t\n\t\t\n\t\t\n\t\t\t\t\n\t<\/div>\n\n\t\n<\/div>\n<\/div>\n\t\t<div  class=\"ewd-upcp-catalog-view ewd-upcp-list-view ewd-upcp-hidden ewd-upcp-thumbnail-four-columns\">\n\n\t<div id='ewd-upcp-catalog-product-list-19995'  class=\"ewd-upcp-catalog-product-div ewd-upcp-catalog-product-list\" data-product_id='19995'>\n\t\t\n\t\n\t<div class='ewd-upcp-product-title-div'>\n\n\t<a class='ewd-upcp-product-title' href='https:\/\/www.kingdomexportsolution.com\/es\/product-catalog\/?singleproduct=19995' >\n\n\t\tGranos de caf\u00e9\t\n\t<\/a>\n\n<\/div>\n\t<div class='ewd-upcp-catalog-product-price' data-item_price=''>\n\n\t<span>\n\t\t\t<\/span>\n\n\t\n<\/div>\n\t<div class='ewd-upcp-catalog-product-list-content ewd-upcp-hidden'>\n\n\t\t<div class='ewd-upcp-catalog-product-list-image-div'>\n\n\t\t\t\n\t\t\t\n\t\t\t\n\t\t\t<a class='ewd-upcp-catalog-product-image' href='https:\/\/www.kingdomexportsolution.com\/es\/product-catalog\/?singleproduct=19995' >\n\n\t<img decoding=\"async\" class=\"ewd-upcp-product-image\" src=\"https:\/\/www.kingdomexportsolution.com\/wp-content\/uploads\/2024\/02\/coffee-beans-scaled.jpg\" alt=\"Coffee Beans-image\" \/>\n\t\n<\/a>\n\t\t<\/div>\n\n\t\t<div class='ewd-upcp-catalog-product-list-body-div'>\n\n\t<div class='ewd-upcp-catalog-product-description'>\n\t\tLos granos de caf\u00e9 son semillas de la planta Coffea y se consumen ampliamente en todo el mundo.\t<\/div>\n\n<\/div>\n\t\t\n\t\t\n\t\t\n\t\t\n\t\t\n\t<\/div>\n\n<\/div>\n<\/div>\n\t\t<div  class=\"ewd-upcp-catalog-view ewd-upcp-detail-view ewd-upcp-hidden ewd-upcp-thumbnail-four-columns\">\n\n\t<div id='ewd-upcp-catalog-product-detail-19995'  class=\"ewd-upcp-catalog-product-div ewd-upcp-catalog-product-detail\" data-product_id='19995'>\n\t\t\n\t<div class='ewd-upcp-catalog-product-detail-image-div'>\n\n\t\t\n\t\t\n\t\t\n\t\t<a class='ewd-upcp-catalog-product-image' href='https:\/\/www.kingdomexportsolution.com\/es\/product-catalog\/?singleproduct=19995' >\n\n\t<img decoding=\"async\" class=\"ewd-upcp-product-image\" src=\"https:\/\/www.kingdomexportsolution.com\/wp-content\/uploads\/2024\/02\/coffee-beans-scaled.jpg\" alt=\"Coffee Beans-image\" \/>\n\t\n<\/a>\n\t<\/div>\n\n\t<div class='ewd-upcp-catalog-product-detail-mid-div'>\n\n\t\t\n\t\t<div class='ewd-upcp-product-title-div'>\n\n\t<a class='ewd-upcp-product-title' href='https:\/\/www.kingdomexportsolution.com\/es\/product-catalog\/?singleproduct=19995' >\n\n\t\tGranos de caf\u00e9\t\n\t<\/a>\n\n<\/div>\n\t\t<div class='ewd-upcp-catalog-product-detail-body-div'>\n\n\t<div class='ewd-upcp-catalog-product-description'>\n\t\tLos granos de caf\u00e9 son semillas de la planta Coffea y se consumen ampliamente en todo el mundo.\n\t<\/div>\n\n<\/div>\n\t\t\n\t\t\n\t\t\n\t\t\n\t<\/div>\n\n\t<div class='ewd-upcp-catalog-product-detail-end-div'>\n\n\t\t<div class='ewd-upcp-catalog-product-price' data-item_price=''>\n\n\t<span>\n\t\t\t<\/span>\n\n\t\n<\/div>\n\t\t\n\t<\/div>\n\n<\/div>\n<\/div>\n\t<\/div>\n\n\t\n<\/div>\t\t\t\t\t\t<\/div>\n\t\t\t\t<\/div>\n\t\t\t\t\t<\/div>\n\t\t<\/div>\n\t\t\t\t\t<\/div>\n\t\t<\/section>\n\t\t\t\t<\/div>","protected":false},"excerpt":{"rendered":"<p>Cat\u00e1logo de Productos Bienvenido al Cat\u00e1logo de Productos de Kingdom Import\/Export, su puerta de entrada a una amplia gama de productos de alta calidad provenientes de todo el mundo. Nuestro cat\u00e1logo presenta una diversa gama de productos\u2026<\/p>","protected":false},"author":1,"featured_media":0,"parent":0,"menu_order":0,"comment_status":"closed","ping_status":"closed","template":"","meta":{"footnotes":""},"class_list":["post-18467","page","type-page","status-publish","hentry"],"_links":{"self":[{"href":"https:\/\/www.kingdomexportsolution.com\/es\/wp-json\/wp\/v2\/pages\/18467","targetHints":{"allow":["GET"]}}],"collection":[{"href":"https:\/\/www.kingdomexportsolution.com\/es\/wp-json\/wp\/v2\/pages"}],"about":[{"href":"https:\/\/www.kingdomexportsolution.com\/es\/wp-json\/wp\/v2\/types\/page"}],"author":[{"embeddable":true,"href":"https:\/\/www.kingdomexportsolution.com\/es\/wp-json\/wp\/v2\/users\/1"}],"replies":[{"embeddable":true,"href":"https:\/\/www.kingdomexportsolution.com\/es\/wp-json\/wp\/v2\/comments?post=18467"}],"version-history":[{"count":10,"href":"https:\/\/www.kingdomexportsolution.com\/es\/wp-json\/wp\/v2\/pages\/18467\/revisions"}],"predecessor-version":[{"id":19951,"href":"https:\/\/www.kingdomexportsolution.com\/es\/wp-json\/wp\/v2\/pages\/18467\/revisions\/19951"}],"wp:attachment":[{"href":"https:\/\/www.kingdomexportsolution.com\/es\/wp-json\/wp\/v2\/media?parent=18467"}],"curies":[{"name":"wp","href":"https:\/\/api.w.org\/{rel}","templated":true}]}}